{"id":706,"date":"2023-03-31T08:52:48","date_gmt":"2023-03-31T06:52:48","guid":{"rendered":"https:\/\/estancolaestacion.com\/aviso-legal\/"},"modified":"2025-05-05T15:12:35","modified_gmt":"2025-05-05T13:12:35","slug":"aviso-legal","status":"publish","type":"page","link":"https:\/\/estancolaestacion.com\/en\/aviso-legal\/","title":{"rendered":"Aviso legal"},"content":{"rendered":"\t\t<div data-elementor-type=\"wp-page\" data-elementor-id=\"706\" class=\"elementor elementor-706 elementor-131\" data-elementor-post-type=\"page\">\n\t\t\t\t<div class=\"elementor-element elementor-element-d1c9eb1 e-flex e-con-boxed e-con e-parent\" data-id=\"d1c9eb1\" data-element_type=\"container\">\n\t\t\t\t\t<div class=\"e-con-inner\">\n\t\t\t\t<div class=\"elementor-element elementor-element-f66099d elementor-widget elementor-widget-text-editor\" data-id=\"f66099d\" data-element_type=\"widget\" data-widget_type=\"text-editor.default\">\n\t\t\t\t<div class=\"elementor-widget-container\">\n\t\t\t\t\t\t\t\t\t<p>Con el fin de dar cumplimiento al art\u00edculo 10 de la Ley 34\/2002, de 11 de julio, de Servicios de la Sociedad de la Informaci\u00f3n y del Comercio Electr\u00f3nico (LSSI-CE), informamos a los usuarios de nuestros datos:<br \/>Denominaci\u00f3n social: Olga Aguilera Ortega \u00a0(en adelante ESTANCO LA ESTACI\u00d3N).<br \/>Domicilio social: Avenida Ram\u00f3n y Cajal 10, 29640 Fuengirola .<br \/>N.I.F.: 25674158V .<br \/>Correo electr\u00f3nico: estancomariano@gmail.com .<br \/>Sitio web: Www.estancolaestacion.com .<\/p><p>1.\u00a0OBJETO<br \/>ESTANCO EL ROSAL (en adelante tambi\u00e9n el prestador), como responsable del sitio web, pone a disposici\u00f3n de los usuarios el presente documento, que regula el uso del sitio web Www.estancolaestacion.com , con el que pretendemos dar cumplimiento a las obligaciones que dispone la Ley 34\/2002, de Servicios de la Sociedad de la Informaci\u00f3n y del Comercio Electr\u00f3nico (LSSICE o LSSI), as\u00ed como informar a todos los usuarios del sitio web respecto de cu\u00e1les son las condiciones de uso del mismo.<br \/>A trav\u00e9s de la Web, ESTANCO LA ESTACI\u00d3N facilita a los usuarios el acceso y utilizaci\u00f3n de diferentes servicios y contenidos.<br \/>Toda persona que acceda a esta web asume el papel de usuario (en adelante el usuario), e implica la aceptaci\u00f3n total y sin reservas de todas y cada una de las disposiciones incluidas en este aviso legal, as\u00ed como a cualesquiera otras disposiciones legales que fueran de aplicaci\u00f3n.<br \/>Como usuario, tiene que leer atentamente este aviso legal en cualesquiera de las ocasiones que entre a la web pues \u00e9sta puede sufrir modificaciones, ya que el prestador se reserva el derecho a modificar cualquier tipo de informaci\u00f3n que pudiera aparecer en la misma sin que exista la obligaci\u00f3n de pre-avisar o poner en conocimiento de los usuarios estas obligaciones, siendo suficiente la publicaci\u00f3n en el sitio web del prestador.<\/p><p>2. CONDICIONES DE ACCESO | USO DE LA WEB<br \/>2.1. Car\u00e1cter gratuito de acceso y uso de la web.<br \/>La prestaci\u00f3n de los servicios por parte de ESTANCO LA ESTACI\u00d3N tiene car\u00e1cter gratuito para todos los usuarios. No obstante, algunos de los servicios suministrados por el prestador a trav\u00e9s de la Web est\u00e1n sujetos al pago de un precio determinado a las condiciones generales de contrataci\u00f3n.<br \/>2.2. Registro de Usuario.<br \/>Con car\u00e1cter general, la prestaci\u00f3n de los servicios no exige la previa suscripci\u00f3n o registro de los usuarios. Aun as\u00ed, ESTANCO LA ESTACI\u00d3N condiciona el uso de algunos de los servicios a la previa complementaci\u00f3n del correspondiente registro de usuario. Este registro se efectuar\u00e1 en la forma expresamente indicada en la propia secci\u00f3n del servicio.<br \/>2.3. Veracidad de la informaci\u00f3n.<br \/>Toda la informaci\u00f3n que facilita el usuario tiene que ser veraz. A estos efectos, el usuario garantiza la autenticidad de los datos comunicados a trav\u00e9s de los formularios para la suscripci\u00f3n de los servicios. Ser\u00e1 responsabilidad del usuario mantener toda la informaci\u00f3n facilitada a ESTANCO LA ESTACI\u00d3N permanentemente actualizada de forma que responda, en cada momento, a su situaci\u00f3n real. En todo caso, el usuario ser\u00e1 el \u00fanico responsable de las manifestaciones falsas o inexactas que realice y de los perjuicios que cause al prestador o a terceros.<br \/>2.4. Menores de edad.<br \/>Para el uso de los servicios, los menores de edad tienen que obtener siempre y previamente el consentimiento de los padres, tutores o representantes legales, responsables \u00faltimos de todos los actos realizados por los menores a su cargo. La responsabilidad en la determinaci\u00f3n de contenidos concretos a los cuales acceden los menores corresponde a aquellos, es por eso que, si acceden a contenidos no apropiados por Internet, se tendr\u00e1n que establecer en sus ordenadores mecanismos, en particular programas inform\u00e1ticos, filtros y bloqueos, que permitan limitar los contenidos disponibles y, a pesar de que no sean infalibles, son de especial utilidad para controlar y restringir los materiales a los que pueden acceder los menores.<br \/>2.5. Obligaci\u00f3n de hacer un uso correcto de la Web.<br \/>El usuario se compromete a utilizar la web de conformidad a la Ley y al presente Aviso Legal, as\u00ed como a la moral y a buenas costumbres. A tal efecto, el usuario se abstendr\u00e1 de utilizar la p\u00e1gina con finalidades il\u00edcitas o prohibidas, lesivas de derechos e intereses de terceros, o que de cualquier forma puedan da\u00f1ar, inutilizar, sobrecargar, deteriorar o impedir la normal utilizaci\u00f3n de equipos inform\u00e1ticos o documentos, archivos y toda clase de contenidos almacenados en cualquier equipo inform\u00e1tico del prestador.<br \/>En particular, y a t\u00edtulo indicativo, pero no exhaustivo, el usuario se compromete a no transmitir, difundir o poner a disposici\u00f3n de terceros informaciones, datos, contenidos, mensajes, gr\u00e1ficos, dibujos, archivos de sonido o imagen, fotograf\u00edas, grabaciones, software y, en general, cualquier clase de material que:<br \/>sea contraria, desprecie o atente contra los derechos fundamentales y las libertades p\u00fablicas reconocidas constitucionalmente, en tratados internacionales y otras normas vigentes;<br \/>induzca, incite o promueva actuaciones delictivas, denigrantes, difamatorias, violentas o, en general, contrarias a la ley, a la moral y al orden p\u00fablico;<br \/>induzca, incite o promueva actuaciones, actitudes o pensamientos discriminatorios por raz\u00f3n de sexo, raza, religi\u00f3n, creencias, edad o condici\u00f3n;<br \/>sea contrario al derecho al honor, a la intimidad personal o familiar o a la propia imagen de las personas;<br \/>de cualquier manera, perjudique la credibilidad del prestador o de terceros; y<br \/>constituya publicidad il\u00edcita, enga\u00f1osa o desleal.<\/p><p>3. EXCLUSI\u00d3N DE GARANT\u00cdAS Y RESPONSABILIDAD<br \/>El prestador se exime de cualquier tipo de responsabilidad derivada de la informaci\u00f3n publicada en nuestro sitio web, siempre que esta informaci\u00f3n haya sido manipulada o introducida por un tercero ajeno.<br \/>Esta web ha sido revisada y probada para que funcione correctamente. En principio, se puede garantizar el correcto funcionamiento los 365 d\u00edas del a\u00f1o, 24 horas al d\u00eda. Sin embargo, el prestador no descarta la posibilidad que existan determinados errores de programaci\u00f3n, o que sucedan causas de fuerza mayor, cat\u00e1strofes naturales, huelgas, o circunstancias parecidas que hagan imposible el acceso a la p\u00e1gina web.<br \/>ESTANCO LA ESTACI\u00d3N no otorga ninguna garant\u00eda ni se hace responsable, en ning\u00fan caso, de los da\u00f1os y perjuicios de cualquier naturaleza que puedan salir a colaci\u00f3n de la falta de disponibilidad, mantenimiento y efectivo funcionamiento de la web o de sus servicios y contenidos; de la existencia de virus, programas maliciosos o lesivos en los contenidos; del uso il\u00edcito, negligente, fraudulento o contrario a este Aviso Legal y condiciones de uso; o de La falta de licitud, calidad, fiabilidad, utilidad y disponibilidad de los servicios prestados por terceros y ademanes a disposici\u00f3n de los usuarios en el sitio web.<br \/>El prestador no se hace responsable, bajo ning\u00fan concepto, de los da\u00f1os que puedan dimanar del uso ilegal o indebido de la presente p\u00e1gina web.<\/p><p>4.\u00a0COOKIES<br \/>El sitio web del prestador puede utilizar cookies (peque\u00f1os archivos de informaci\u00f3n que el servidor env\u00eda al ordenador de quien accede en la p\u00e1gina) para llevar a cabo determinadas funciones que son consideradas imprescindibles para el correcto funcionamiento y visualizaci\u00f3n del lugar. Las cookies utilizadas tienen, en todo caso, car\u00e1cter temporal, con la \u00fanica finalidad de hacer m\u00e1s eficaz la navegaci\u00f3n, y desaparecen al acabar la sesi\u00f3n del usuario.<br \/>En ning\u00fan caso se utilizar\u00e1n las cookies para recoger informaci\u00f3n de car\u00e1cter personal.<br \/>Para m\u00e1s informaci\u00f3n, consulte nuestra\u00a0Pol\u00edtica de Cookies.<\/p><p>5.\u00a0ENLACES (LINKS)<br \/>Desde el sitio web es posible que se redirija a contenidos de terceras webs. Dado que desde el web no podemos controlar siempre los contenidos introducidos por los terceros, ESTANCO LA ESTACI\u00d3N no asume ning\u00fan tipo de responsabilidad respecto a estos contenidos. En todo caso, el prestador manifiesta que proceder\u00e1 a la retirada inmediata de cualquier contenido que pudiera contravenir la legislaci\u00f3n nacional o internacional, la moral o el orden p\u00fablico, procediendo a la retirada inmediata de la re-direcci\u00f3n a estas webs, poniendo en conocimiento de las autoridades competentes el contenido en cuesti\u00f3n..<br \/>El prestador no se responsabiliza de la informaci\u00f3n y contenidos almacenados, a t\u00edtulo enunciativo, pero no limitante, en foros, chats, generadores de blogs, comentarios, redes sociales o cualquier otro medio que permita a terceros publicar contenidos de forma independiente a la p\u00e1gina web del prestador. Sin embargo, y en cumplimiento de lo que dispone el art. 11 y 16 de la LSSICE, el prestador se pone a disposici\u00f3n de todos los usuarios, autoridades y fuerzas de seguridad, y colaborando de forma activa en la retirada o, cuando sea necesario, el bloqueo de todos aquellos contenidos que puedan afectar o contravenir la legislaci\u00f3n nacional, o internacional, derechos de terceros o la moral y el orden p\u00fablico. En caso de que el usuario considere que puede existir alg\u00fan contenido que pudiera ser susceptible de esta clasificaci\u00f3n, se ruega lo notifique de forma inmediata al administrador del sitio web.<\/p><p>6.\u00a0PROTECCI\u00d3N DE DATOS PERSONALES<br \/>El prestador est\u00e1 profundamente comprometido con el cumplimiento de la normativa de protecci\u00f3n de datos personales y garantiza el cumplimiento \u00edntegro de las obligaciones dispuestas, as\u00ed como la implementaci\u00f3n de las medidas de seguridad dispuestas al Reglamento Europeo de Protecci\u00f3n de datos y la normativa espa\u00f1ola de protecci\u00f3n de datos. Para m\u00e1s informaci\u00f3n, consulte nuestra\u00a0<a href=\"https:\/\/estancolaestacion.com\/politica-de-privacidad\/\">Pol\u00edtica de Privacidad<\/a>.<\/p><p>7.\u00a0PROPIEDAD INTELECTUAL E INDUSTRIAL<br \/>El sitio web, incluyendo a t\u00edtulo enunciativo, pero no limitativo, la programaci\u00f3n, edici\u00f3n, compilaci\u00f3n y otros elementos necesarios para su funcionamiento, los dise\u00f1os, logotipos, textos, fotograf\u00edas y\/o gr\u00e1ficos son propiedad del prestador o, en caso de que fuera necesario, dispone de la licencia o autorizaci\u00f3n expresa por parte de los autores. Todos los contenidos del sitio web se encuentran debidamente protegidos por la normativa de propiedad intelectual e industrial.<br \/>Independientemente de la finalidad por la que fueran destinados, la reproducci\u00f3n total o parcial, uso, distribuci\u00f3n y comunicaci\u00f3n p\u00fablica requieren de la autorizaci\u00f3n escrita previa por parte del prestador. Cualquier uso no autorizado previamente por parte del prestador ser\u00e1 considerado un incumplimiento grave de los derechos de propiedad intelectual o industrial del autor.<br \/>Los dise\u00f1os, logotipos, textos y\/o gr\u00e1ficos ajenos al prestador y que puedan aparecer en el sitio web, pertenecen a sus respectivos propietarios, siendo ellos mismos los responsables de cualquier posible controversia que pudiera acontecer respecto a los mismos. En todo caso, el prestador cuenta con la autorizaci\u00f3n expresa y previa por parte de los mismos.<br \/>El prestador reconoce a favor de sus titulares los correspondientes derechos de propiedad industrial e intelectual, no implicando la menci\u00f3n o aparici\u00f3n en el sitio web, de la existencia de derechos o ninguna responsabilidad del prestador sobre los mismos, como tampoco respaldo, patrocinio o recomendaci\u00f3n por parte del mismo.<br \/>Para realizar cualquier tipo de observaci\u00f3n respecto a posibles incumplimientos de los derechos de propiedad intelectual o industrial, as\u00ed como sobre cualquiera de los contenidos del sitio web, puede hacerlo a trav\u00e9s del correo electr\u00f3nico arriba rese\u00f1ado.<\/p><p>8. MODIFICACIONES<br \/>ESTANCO EL ROSAL\u00a0se reserva el derecho de efectuar sin previo aviso las modificaciones que considere oportunas en su web, pudiendo cambiar, suprimir o a\u00f1adir tanto los contenidos y servicios que se presten a trav\u00e9s de la misma como la forma en la que \u00e9stos aparezcan presentados o localizados en su web.<\/p><p>9. DERECHO DE EXCLUSI\u00d3N<br \/>ESTANCO EL ROSAL\u00a0se reserva el derecho a denegar o retirar el acceso a portal y\/o los servicios ofrecidos sin necesidad de preaviso, a instancia propia o de un tercero, a aquellos USUARIOS que incumplan las presentes Condiciones Generales de Uso.<\/p><p>10. GENERALIDADES<br \/>ESTANCO LA ESTACI\u00d3N perseguir\u00e1 el incumplimiento de las presentes condiciones, as\u00ed como cualquier utilizaci\u00f3n indebida de su portal ejerciendo todas las acciones civiles y penales que le puedan corresponder en derecho.<\/p><p>11. LEY APLICABLE Y JURISDICCI\u00d3N<br \/>Para la resoluci\u00f3n de las controversias o cuestiones relacionadas con la presente p\u00e1gina web o de las actividades en esta desarrolladas, ser\u00e1 de aplicaci\u00f3n la legislaci\u00f3n espa\u00f1ola, a la que se someten expresamente las partes, siendo competentes por la resoluci\u00f3n de todos los conflictos derivados o relacionados con su uso los Juzgados y Tribunales de\u00a0M\u00e1laga.<\/p>\t\t\t\t\t\t\t\t<\/div>\n\t\t\t\t<\/div>\n\t\t\t\t\t<\/div>\n\t\t\t\t<\/div>\n\t\t\t\t<\/div>\n\t\t","protected":false},"excerpt":{"rendered":"<p>Con el fin de dar cumplimiento al art\u00edculo 10 de la Ley 34\/2002, de 11 de julio, de Servicios de la Sociedad de la Informaci\u00f3n y del Comercio Electr\u00f3nico (LSSI-CE), informamos a los usuarios de nuestros datos:Denominaci\u00f3n social: Olga Aguilera Ortega \u00a0(en adelante ESTANCO LA ESTACI\u00d3N).Domicilio social: Avenida Ram\u00f3n y Cajal 10, 29640 Fuengirola .N.I.F.: [&hellip;]<\/p>\n","protected":false},"author":1,"featured_media":0,"parent":0,"menu_order":0,"comment_status":"closed","ping_status":"closed","template":"","meta":{"footnotes":""},"class_list":["post-706","page","type-page","status-publish","hentry"],"yoast_head":"<!-- This site is optimized with the Yoast SEO plugin v24.2 - https:\/\/yoast.com\/wordpress\/plugins\/seo\/ -->\n<title>Aviso legal - Estanco La Estaci\u00f3n<\/title>\n<meta name=\"robots\" content=\"index, follow, max-snippet:-1, max-image-preview:large, max-video-preview:-1\" \/>\n<link rel=\"canonical\" href=\"https:\/\/estancolaestacion.com\/en\/aviso-legal\/\" \/>\n<meta property=\"og:locale\" content=\"en_US\" \/>\n<meta property=\"og:type\" content=\"article\" \/>\n<meta property=\"og:title\" content=\"Aviso legal - Estanco La Estaci\u00f3n\" \/>\n<meta property=\"og:description\" content=\"Con el fin de dar cumplimiento al art\u00edculo 10 de la Ley 34\/2002, de 11 de julio, de Servicios de la Sociedad de la Informaci\u00f3n y del Comercio Electr\u00f3nico (LSSI-CE), informamos a los usuarios de nuestros datos:Denominaci\u00f3n social: Olga Aguilera Ortega \u00a0(en adelante ESTANCO LA ESTACI\u00d3N).Domicilio social: Avenida Ram\u00f3n y Cajal 10, 29640 Fuengirola .N.I.F.: [&hellip;]\" \/>\n<meta property=\"og:url\" content=\"https:\/\/estancolaestacion.com\/en\/aviso-legal\/\" \/>\n<meta property=\"og:site_name\" content=\"Estanco La Estaci\u00f3n\" \/>\n<meta property=\"article:modified_time\" content=\"2025-05-05T13:12:35+00:00\" \/>\n<meta name=\"twitter:card\" content=\"summary_large_image\" \/>\n<meta name=\"twitter:label1\" content=\"Est. reading time\" \/>\n\t<meta name=\"twitter:data1\" content=\"9 minutes\" \/>\n<script type=\"application\/ld+json\" class=\"yoast-schema-graph\">{\"@context\":\"https:\/\/schema.org\",\"@graph\":[{\"@type\":\"WebPage\",\"@id\":\"https:\/\/estancolaestacion.com\/en\/aviso-legal\/\",\"url\":\"https:\/\/estancolaestacion.com\/en\/aviso-legal\/\",\"name\":\"Aviso legal - Estanco La Estaci\u00f3n\",\"isPartOf\":{\"@id\":\"https:\/\/estancolaestacion.com\/en\/#website\"},\"datePublished\":\"2023-03-31T06:52:48+00:00\",\"dateModified\":\"2025-05-05T13:12:35+00:00\",\"breadcrumb\":{\"@id\":\"https:\/\/estancolaestacion.com\/en\/aviso-legal\/#breadcrumb\"},\"inLanguage\":\"en-US\",\"potentialAction\":[{\"@type\":\"ReadAction\",\"target\":[\"https:\/\/estancolaestacion.com\/en\/aviso-legal\/\"]}]},{\"@type\":\"BreadcrumbList\",\"@id\":\"https:\/\/estancolaestacion.com\/en\/aviso-legal\/#breadcrumb\",\"itemListElement\":[{\"@type\":\"ListItem\",\"position\":1,\"name\":\"Home\",\"item\":\"https:\/\/estancolaestacion.com\/en\/\"},{\"@type\":\"ListItem\",\"position\":2,\"name\":\"Aviso legal\"}]},{\"@type\":\"WebSite\",\"@id\":\"https:\/\/estancolaestacion.com\/en\/#website\",\"url\":\"https:\/\/estancolaestacion.com\/en\/\",\"name\":\"Estanco La Estaci\u00f3n\",\"description\":\"Estanco en Fuengirola\",\"publisher\":{\"@id\":\"https:\/\/estancolaestacion.com\/en\/#organization\"},\"potentialAction\":[{\"@type\":\"SearchAction\",\"target\":{\"@type\":\"EntryPoint\",\"urlTemplate\":\"https:\/\/estancolaestacion.com\/en\/?s={search_term_string}\"},\"query-input\":{\"@type\":\"PropertyValueSpecification\",\"valueRequired\":true,\"valueName\":\"search_term_string\"}}],\"inLanguage\":\"en-US\"},{\"@type\":\"Organization\",\"@id\":\"https:\/\/estancolaestacion.com\/en\/#organization\",\"name\":\"Estanco El Rosal\",\"url\":\"https:\/\/estancolaestacion.com\/en\/\",\"logo\":{\"@type\":\"ImageObject\",\"inLanguage\":\"en-US\",\"@id\":\"https:\/\/estancolaestacion.com\/en\/#\/schema\/logo\/image\/\",\"url\":\"https:\/\/estancolaestacion.com\/wp-content\/uploads\/2023\/03\/favicon.png\",\"contentUrl\":\"https:\/\/estancolaestacion.com\/wp-content\/uploads\/2023\/03\/favicon.png\",\"width\":250,\"height\":250,\"caption\":\"Estanco El Rosal\"},\"image\":{\"@id\":\"https:\/\/estancolaestacion.com\/en\/#\/schema\/logo\/image\/\"}}]}<\/script>\n<!-- \/ Yoast SEO plugin. -->","yoast_head_json":{"title":"Aviso legal - Estanco La Estaci\u00f3n","robots":{"index":"index","follow":"follow","max-snippet":"max-snippet:-1","max-image-preview":"max-image-preview:large","max-video-preview":"max-video-preview:-1"},"canonical":"https:\/\/estancolaestacion.com\/en\/aviso-legal\/","og_locale":"en_US","og_type":"article","og_title":"Aviso legal - Estanco La Estaci\u00f3n","og_description":"Con el fin de dar cumplimiento al art\u00edculo 10 de la Ley 34\/2002, de 11 de julio, de Servicios de la Sociedad de la Informaci\u00f3n y del Comercio Electr\u00f3nico (LSSI-CE), informamos a los usuarios de nuestros datos:Denominaci\u00f3n social: Olga Aguilera Ortega \u00a0(en adelante ESTANCO LA ESTACI\u00d3N).Domicilio social: Avenida Ram\u00f3n y Cajal 10, 29640 Fuengirola .N.I.F.: [&hellip;]","og_url":"https:\/\/estancolaestacion.com\/en\/aviso-legal\/","og_site_name":"Estanco La Estaci\u00f3n","article_modified_time":"2025-05-05T13:12:35+00:00","twitter_card":"summary_large_image","twitter_misc":{"Est. reading time":"9 minutes"},"schema":{"@context":"https:\/\/schema.org","@graph":[{"@type":"WebPage","@id":"https:\/\/estancolaestacion.com\/en\/aviso-legal\/","url":"https:\/\/estancolaestacion.com\/en\/aviso-legal\/","name":"Aviso legal - Estanco La Estaci\u00f3n","isPartOf":{"@id":"https:\/\/estancolaestacion.com\/en\/#website"},"datePublished":"2023-03-31T06:52:48+00:00","dateModified":"2025-05-05T13:12:35+00:00","breadcrumb":{"@id":"https:\/\/estancolaestacion.com\/en\/aviso-legal\/#breadcrumb"},"inLanguage":"en-US","potentialAction":[{"@type":"ReadAction","target":["https:\/\/estancolaestacion.com\/en\/aviso-legal\/"]}]},{"@type":"BreadcrumbList","@id":"https:\/\/estancolaestacion.com\/en\/aviso-legal\/#breadcrumb","itemListElement":[{"@type":"ListItem","position":1,"name":"Home","item":"https:\/\/estancolaestacion.com\/en\/"},{"@type":"ListItem","position":2,"name":"Aviso legal"}]},{"@type":"WebSite","@id":"https:\/\/estancolaestacion.com\/en\/#website","url":"https:\/\/estancolaestacion.com\/en\/","name":"Estanco La Estaci\u00f3n","description":"Estanco en Fuengirola","publisher":{"@id":"https:\/\/estancolaestacion.com\/en\/#organization"},"potentialAction":[{"@type":"SearchAction","target":{"@type":"EntryPoint","urlTemplate":"https:\/\/estancolaestacion.com\/en\/?s={search_term_string}"},"query-input":{"@type":"PropertyValueSpecification","valueRequired":true,"valueName":"search_term_string"}}],"inLanguage":"en-US"},{"@type":"Organization","@id":"https:\/\/estancolaestacion.com\/en\/#organization","name":"Estanco El Rosal","url":"https:\/\/estancolaestacion.com\/en\/","logo":{"@type":"ImageObject","inLanguage":"en-US","@id":"https:\/\/estancolaestacion.com\/en\/#\/schema\/logo\/image\/","url":"https:\/\/estancolaestacion.com\/wp-content\/uploads\/2023\/03\/favicon.png","contentUrl":"https:\/\/estancolaestacion.com\/wp-content\/uploads\/2023\/03\/favicon.png","width":250,"height":250,"caption":"Estanco El Rosal"},"image":{"@id":"https:\/\/estancolaestacion.com\/en\/#\/schema\/logo\/image\/"}}]}},"_links":{"self":[{"href":"https:\/\/estancolaestacion.com\/en\/wp-json\/wp\/v2\/pages\/706","targetHints":{"allow":["GET"]}}],"collection":[{"href":"https:\/\/estancolaestacion.com\/en\/wp-json\/wp\/v2\/pages"}],"about":[{"href":"https:\/\/estancolaestacion.com\/en\/wp-json\/wp\/v2\/types\/page"}],"author":[{"embeddable":true,"href":"https:\/\/estancolaestacion.com\/en\/wp-json\/wp\/v2\/users\/1"}],"replies":[{"embeddable":true,"href":"https:\/\/estancolaestacion.com\/en\/wp-json\/wp\/v2\/comments?post=706"}],"version-history":[{"count":13,"href":"https:\/\/estancolaestacion.com\/en\/wp-json\/wp\/v2\/pages\/706\/revisions"}],"predecessor-version":[{"id":783,"href":"https:\/\/estancolaestacion.com\/en\/wp-json\/wp\/v2\/pages\/706\/revisions\/783"}],"wp:attachment":[{"href":"https:\/\/estancolaestacion.com\/en\/wp-json\/wp\/v2\/media?parent=706"}],"curies":[{"name":"wp","href":"https:\/\/api.w.org\/{rel}","templated":true}]}}